{"id":6734,"date":"2022-02-15T16:25:46","date_gmt":"2022-02-15T16:25:46","guid":{"rendered":"https:\/\/puraspecial.com\/?page_id=6734"},"modified":"2022-02-26T16:51:32","modified_gmt":"2022-02-26T16:51:32","slug":"faqs-3","status":"publish","type":"page","link":"https:\/\/puraspecial.com\/pt\/faqs-3\/","title":{"rendered":"FAQ&#8217;S"},"content":{"rendered":"\t\t<div data-elementor-type=\"wp-page\" data-elementor-id=\"6734\" class=\"elementor elementor-6734\">\n\t\t\t\t\t\t<section class=\"elementor-section elementor-top-section elementor-element elementor-element-5dc7f53 elementor-hidden-mobile_extra elementor-hidden-mobile elementor-section-boxed elementor-section-height-default elementor-section-height-default e-parent\" data-id=\"5dc7f53\" data-element_type=\"section\">\n\t\t\t\t\t\t<div class=\"elementor-container elementor-column-gap-default\">\n\t\t\t\t\t<div class=\"elementor-column elementor-col-100 elementor-top-column elementor-element elementor-element-1a349bb lakit-col-width-auto-no\" data-id=\"1a349bb\" data-element_type=\"column\">\n\t\t\t<div class=\"elementor-widget-wrap elementor-element-populated\">\n\t\t\t\t\t\t<div class=\"elementor-element elementor-element-a2aca9b elementor-widget elementor-widget-heading\" data-id=\"a2aca9b\" data-element_type=\"widget\" data-widget_type=\"heading.default\">\n\t\t\t\t<div class=\"elementor-widget-container\">\n\t\t\t\t\t<h2 class=\"elementor-heading-title elementor-size-default\">FAQ'S<\/h2>\t\t\t\t<\/div>\n\t\t\t\t<\/div>\n\t\t\t\t\t<\/div>\n\t\t<\/div>\n\t\t\t\t\t<\/div>\n\t\t<\/section>\n\t\t\t\t<section class=\"elementor-section elementor-top-section elementor-element elementor-element-62256e4 elementor-section-boxed elementor-section-height-default elementor-section-height-default e-parent\" data-id=\"62256e4\" data-element_type=\"section\">\n\t\t\t\t\t\t<div class=\"elementor-container elementor-column-gap-default\">\n\t\t\t\t\t<div class=\"elementor-column elementor-col-100 elementor-top-column elementor-element elementor-element-7cd9abe lakit-col-width-auto-no\" data-id=\"7cd9abe\" data-element_type=\"column\">\n\t\t\t<div class=\"elementor-widget-wrap elementor-element-populated\">\n\t\t\t\t\t\t<div class=\"elementor-element elementor-element-25003e2 elementor-widget elementor-widget-accordion\" data-id=\"25003e2\" data-element_type=\"widget\" data-widget_type=\"accordion.default\">\n\t\t\t\t<div class=\"elementor-widget-container\">\n\t\t\t\t\t\t\t<div class=\"elementor-accordion\">\n\t\t\t\t\t\t\t<div class=\"elementor-accordion-item\">\n\t\t\t\t\t<div id=\"elementor-tab-title-3871\" class=\"elementor-tab-title\" data-tab=\"1\" role=\"button\" aria-controls=\"elementor-tab-content-3871\" aria-expanded=\"false\">\n\t\t\t\t\t\t\t\t\t\t\t\t\t<span class=\"elementor-accordion-icon elementor-accordion-icon-left\" aria-hidden=\"true\">\n\t\t\t\t\t\t\t\t\t\t\t\t\t\t\t<span class=\"elementor-accordion-icon-closed\"><svg xmlns=\"http:\/\/www.w3.org\/2000\/svg\" width=\"1024\" height=\"1024\" viewBox=\"0 0 1024 1024\" class=\"lakit-font-icon-svg\" data-icon-name=\"arrows-1_minimal-right\" data-icon-type=\"dlicon\"><path d=\"M265.376 982.624c6.24 6.24 14.432 9.376 22.624 9.376s16.384-3.136 22.624-9.376l448-448c12.512-12.512 12.512-32.736 0-45.248l-448-448c-12.512-12.512-32.736-12.512-45.248 0s-12.512 32.736 0 45.248L690.752 512 265.376 937.376c-12.512 12.512-12.512 32.736 0 45.248z\" fill=\"currentColor\"\/><\/svg><\/span>\n\t\t\t\t\t\t\t\t<span class=\"elementor-accordion-icon-opened\"><i class=\"splicon icon-arrow-down\"><\/i><\/span>\n\t\t\t\t\t\t\t\t\t\t\t\t\t\t<\/span>\n\t\t\t\t\t\t\t\t\t\t\t\t<a class=\"elementor-accordion-title\" tabindex=\"0\">POSSO ENCOMENDAR SEM ME REGISTAR?<\/a>\n\t\t\t\t\t<\/div>\n\t\t\t\t\t<div id=\"elementor-tab-content-3871\" class=\"elementor-tab-content elementor-clearfix\" data-tab=\"1\" role=\"region\" aria-labelledby=\"elementor-tab-title-3871\">Sim. Pode comprar e finalizar o seu pedido como convidado, bastando para isso inserir a informa\u00e7\u00e3o necess\u00e1ria durante o check-out. No entanto, lembramos que o registo acarreta muitas vantagens. Criar uma conta PURA SPECIAL, permite-lhe consultar as suas encomendas atuais e passadas, editar moradas e adicionar, em seguran\u00e7a, m\u00e9todos de pagamento, facilitando o check-out em compras futuras.<\/br><\/br>\n\nGuardar os conte\u00fados do seu cesto de compras para mais tarde, apesar de n\u00e3o constituir uma reserva. O pre\u00e7o e a disponibilidade dos produtos guardados no cesto est\u00e3o sujeitos a altera\u00e7\u00f5es e ser\u00e1 sempre apresentado o pre\u00e7o mais recente de cada produto.\n\nVer, facilmente, informa\u00e7\u00f5es da sua encomenda atual e hist\u00f3rico de encomendas.<\/div>\n\t\t\t\t<\/div>\n\t\t\t\t\t\t\t<div class=\"elementor-accordion-item\">\n\t\t\t\t\t<div id=\"elementor-tab-title-3872\" class=\"elementor-tab-title\" data-tab=\"2\" role=\"button\" aria-controls=\"elementor-tab-content-3872\" aria-expanded=\"false\">\n\t\t\t\t\t\t\t\t\t\t\t\t\t<span class=\"elementor-accordion-icon elementor-accordion-icon-left\" aria-hidden=\"true\">\n\t\t\t\t\t\t\t\t\t\t\t\t\t\t\t<span class=\"elementor-accordion-icon-closed\"><svg xmlns=\"http:\/\/www.w3.org\/2000\/svg\" width=\"1024\" height=\"1024\" viewBox=\"0 0 1024 1024\" class=\"lakit-font-icon-svg\" data-icon-name=\"arrows-1_minimal-right\" data-icon-type=\"dlicon\"><path d=\"M265.376 982.624c6.24 6.24 14.432 9.376 22.624 9.376s16.384-3.136 22.624-9.376l448-448c12.512-12.512 12.512-32.736 0-45.248l-448-448c-12.512-12.512-32.736-12.512-45.248 0s-12.512 32.736 0 45.248L690.752 512 265.376 937.376c-12.512 12.512-12.512 32.736 0 45.248z\" fill=\"currentColor\"\/><\/svg><\/span>\n\t\t\t\t\t\t\t\t<span class=\"elementor-accordion-icon-opened\"><i class=\"splicon icon-arrow-down\"><\/i><\/span>\n\t\t\t\t\t\t\t\t\t\t\t\t\t\t<\/span>\n\t\t\t\t\t\t\t\t\t\t\t\t<a class=\"elementor-accordion-title\" tabindex=\"0\">PAGAMENTO<\/a>\n\t\t\t\t\t<\/div>\n\t\t\t\t\t<div id=\"elementor-tab-content-3872\" class=\"elementor-tab-content elementor-clearfix\" data-tab=\"2\" role=\"region\" aria-labelledby=\"elementor-tab-title-3872\"><p><span style=\"color: #000000;\">O pagamento online s\u00f3 poder\u00e1 ser efetuado via:<\/span><\/p><p>&#8211; Cart\u00e3o de cr\u00e9dito VISA, MasterCard<\/p><p><span style=\"color: #000000;\">&#8211; Multibanco<\/span><\/p><p><span style=\"color: #000000;\">&#8211; MB WAY<\/span><\/p><\/div>\n\t\t\t\t<\/div>\n\t\t\t\t\t\t\t<div class=\"elementor-accordion-item\">\n\t\t\t\t\t<div id=\"elementor-tab-title-3873\" class=\"elementor-tab-title\" data-tab=\"3\" role=\"button\" aria-controls=\"elementor-tab-content-3873\" aria-expanded=\"false\">\n\t\t\t\t\t\t\t\t\t\t\t\t\t<span class=\"elementor-accordion-icon elementor-accordion-icon-left\" aria-hidden=\"true\">\n\t\t\t\t\t\t\t\t\t\t\t\t\t\t\t<span class=\"elementor-accordion-icon-closed\"><svg xmlns=\"http:\/\/www.w3.org\/2000\/svg\" width=\"1024\" height=\"1024\" viewBox=\"0 0 1024 1024\" class=\"lakit-font-icon-svg\" data-icon-name=\"arrows-1_minimal-right\" data-icon-type=\"dlicon\"><path d=\"M265.376 982.624c6.24 6.24 14.432 9.376 22.624 9.376s16.384-3.136 22.624-9.376l448-448c12.512-12.512 12.512-32.736 0-45.248l-448-448c-12.512-12.512-32.736-12.512-45.248 0s-12.512 32.736 0 45.248L690.752 512 265.376 937.376c-12.512 12.512-12.512 32.736 0 45.248z\" fill=\"currentColor\"\/><\/svg><\/span>\n\t\t\t\t\t\t\t\t<span class=\"elementor-accordion-icon-opened\"><i class=\"splicon icon-arrow-down\"><\/i><\/span>\n\t\t\t\t\t\t\t\t\t\t\t\t\t\t<\/span>\n\t\t\t\t\t\t\t\t\t\t\t\t<a class=\"elementor-accordion-title\" tabindex=\"0\">\u00c9 SEGURO FAZER PAGAMENTOS COM CART\u00c3O DE CR\u00c9DITO?<\/a>\n\t\t\t\t\t<\/div>\n\t\t\t\t\t<div id=\"elementor-tab-content-3873\" class=\"elementor-tab-content elementor-clearfix\" data-tab=\"3\" role=\"region\" aria-labelledby=\"elementor-tab-title-3873\"><p><span style=\"color: #000000;\">\u00c9 perfeitamente seguro inserir os dados do seu cart\u00e3o de cr\u00e9dito em qualquer compra efetuada em puraspecial.com, uma vez que todos os dados ser\u00e3o inseridos num Servidor Seguro que encripta\/codifica todos os dados confidenciais relativos ao seu cart\u00e3o de cr\u00e9dito.<\/span><\/p><p><span style=\"color: #000000;\">Um elemento que indica que se encontra num website seguro, \u00e9 a exist\u00eancia de um s\u00edmbolo de cadeado no canto superior esquerdo, antes do endere\u00e7o do website. Adicionalmente poder\u00e1 constatar que ao entrar numa zona segura do site o respetivo endere\u00e7o URL come\u00e7ar\u00e1 com https:\/\/ (S=Seguro).<\/span><\/p><\/div>\n\t\t\t\t<\/div>\n\t\t\t\t\t\t\t<div class=\"elementor-accordion-item\">\n\t\t\t\t\t<div id=\"elementor-tab-title-3874\" class=\"elementor-tab-title\" data-tab=\"4\" role=\"button\" aria-controls=\"elementor-tab-content-3874\" aria-expanded=\"false\">\n\t\t\t\t\t\t\t\t\t\t\t\t\t<span class=\"elementor-accordion-icon elementor-accordion-icon-left\" aria-hidden=\"true\">\n\t\t\t\t\t\t\t\t\t\t\t\t\t\t\t<span class=\"elementor-accordion-icon-closed\"><svg xmlns=\"http:\/\/www.w3.org\/2000\/svg\" width=\"1024\" height=\"1024\" viewBox=\"0 0 1024 1024\" class=\"lakit-font-icon-svg\" data-icon-name=\"arrows-1_minimal-right\" data-icon-type=\"dlicon\"><path d=\"M265.376 982.624c6.24 6.24 14.432 9.376 22.624 9.376s16.384-3.136 22.624-9.376l448-448c12.512-12.512 12.512-32.736 0-45.248l-448-448c-12.512-12.512-32.736-12.512-45.248 0s-12.512 32.736 0 45.248L690.752 512 265.376 937.376c-12.512 12.512-12.512 32.736 0 45.248z\" fill=\"currentColor\"\/><\/svg><\/span>\n\t\t\t\t\t\t\t\t<span class=\"elementor-accordion-icon-opened\"><i class=\"splicon icon-arrow-down\"><\/i><\/span>\n\t\t\t\t\t\t\t\t\t\t\t\t\t\t<\/span>\n\t\t\t\t\t\t\t\t\t\t\t\t<a class=\"elementor-accordion-title\" tabindex=\"0\">TROCAS E DEVOLU\u00c7\u00d5ES<\/a>\n\t\t\t\t\t<\/div>\n\t\t\t\t\t<div id=\"elementor-tab-content-3874\" class=\"elementor-tab-content elementor-clearfix\" data-tab=\"4\" role=\"region\" aria-labelledby=\"elementor-tab-title-3874\"><p><span style=\"color: #000000;\">Para trocas e devolu\u00e7\u00f5es contate o nosso apoio ao cliente \u2013 <\/span><a href=\"mailto:apoio.cliente@puraspecial.com\">apoio.cliente@puraspecial.com<\/a><\/p><\/div>\n\t\t\t\t<\/div>\n\t\t\t\t\t\t\t<div class=\"elementor-accordion-item\">\n\t\t\t\t\t<div id=\"elementor-tab-title-3875\" class=\"elementor-tab-title\" data-tab=\"5\" role=\"button\" aria-controls=\"elementor-tab-content-3875\" aria-expanded=\"false\">\n\t\t\t\t\t\t\t\t\t\t\t\t\t<span class=\"elementor-accordion-icon elementor-accordion-icon-left\" aria-hidden=\"true\">\n\t\t\t\t\t\t\t\t\t\t\t\t\t\t\t<span class=\"elementor-accordion-icon-closed\"><svg xmlns=\"http:\/\/www.w3.org\/2000\/svg\" width=\"1024\" height=\"1024\" viewBox=\"0 0 1024 1024\" class=\"lakit-font-icon-svg\" data-icon-name=\"arrows-1_minimal-right\" data-icon-type=\"dlicon\"><path d=\"M265.376 982.624c6.24 6.24 14.432 9.376 22.624 9.376s16.384-3.136 22.624-9.376l448-448c12.512-12.512 12.512-32.736 0-45.248l-448-448c-12.512-12.512-32.736-12.512-45.248 0s-12.512 32.736 0 45.248L690.752 512 265.376 937.376c-12.512 12.512-12.512 32.736 0 45.248z\" fill=\"currentColor\"\/><\/svg><\/span>\n\t\t\t\t\t\t\t\t<span class=\"elementor-accordion-icon-opened\"><i class=\"splicon icon-arrow-down\"><\/i><\/span>\n\t\t\t\t\t\t\t\t\t\t\t\t\t\t<\/span>\n\t\t\t\t\t\t\t\t\t\t\t\t<a class=\"elementor-accordion-title\" tabindex=\"0\">PROCESSO DE COMPRA<\/a>\n\t\t\t\t\t<\/div>\n\t\t\t\t\t<div id=\"elementor-tab-content-3875\" class=\"elementor-tab-content elementor-clearfix\" data-tab=\"5\" role=\"region\" aria-labelledby=\"elementor-tab-title-3875\"><p><b>COMO COMPRAR<\/b><\/p><p>Adicione ao cesto as ra\u00e7\u00f5es que deseja comprar, e quando estiver pronto(a) para finalizar a sua encomenda, clique no cesto e siga todos os passos, preenchendo as informa\u00e7\u00f5es solicitadas. Poder\u00e1 concluir o processo como utilizador registado ou, se preferir, como convidado.<br \/>Lembramos que a qualquer momento poder\u00e1 modificar os detalhes da sua encomenda antes do pagamento.<br \/>Sempre que alterar as quantidades das embalagens no carrinho de compras, atualize o mesmo no bot\u00e3o \u201cAtualizar carrinho\u201d, assim fica com a certeza de que a sua encomenda est\u00e1 como pretende.<\/p><p>\u00a0<\/p><p><b>CESTO DE COMPRAS<\/b><\/p><p>Acrescentar pe\u00e7as ao cesto de compras sem concluir o processo de compra n\u00e3o constitui uma reserva. O pre\u00e7o e a disponibilidade dos produtos guardados no cesto est\u00e3o sujeitos a altera\u00e7\u00f5es. Ir\u00e1 encontrar o pre\u00e7o mais recente de cada produto no cesto.<\/p><p><b>CONFIMA\u00c7\u00c3O DA COMPRA<\/b><\/p><p>Ap\u00f3s confirma\u00e7\u00e3o do pagamento, ser\u00e1 enviado um e-mail de confirma\u00e7\u00e3o com os detalhes da sua encomenda.<\/p><\/div>\n\t\t\t\t<\/div>\n\t\t\t\t\t\t\t<div class=\"elementor-accordion-item\">\n\t\t\t\t\t<div id=\"elementor-tab-title-3876\" class=\"elementor-tab-title\" data-tab=\"6\" role=\"button\" aria-controls=\"elementor-tab-content-3876\" aria-expanded=\"false\">\n\t\t\t\t\t\t\t\t\t\t\t\t\t<span class=\"elementor-accordion-icon elementor-accordion-icon-left\" aria-hidden=\"true\">\n\t\t\t\t\t\t\t\t\t\t\t\t\t\t\t<span class=\"elementor-accordion-icon-closed\"><svg xmlns=\"http:\/\/www.w3.org\/2000\/svg\" width=\"1024\" height=\"1024\" viewBox=\"0 0 1024 1024\" class=\"lakit-font-icon-svg\" data-icon-name=\"arrows-1_minimal-right\" data-icon-type=\"dlicon\"><path d=\"M265.376 982.624c6.24 6.24 14.432 9.376 22.624 9.376s16.384-3.136 22.624-9.376l448-448c12.512-12.512 12.512-32.736 0-45.248l-448-448c-12.512-12.512-32.736-12.512-45.248 0s-12.512 32.736 0 45.248L690.752 512 265.376 937.376c-12.512 12.512-12.512 32.736 0 45.248z\" fill=\"currentColor\"\/><\/svg><\/span>\n\t\t\t\t\t\t\t\t<span class=\"elementor-accordion-icon-opened\"><i class=\"splicon icon-arrow-down\"><\/i><\/span>\n\t\t\t\t\t\t\t\t\t\t\t\t\t\t<\/span>\n\t\t\t\t\t\t\t\t\t\t\t\t<a class=\"elementor-accordion-title\" tabindex=\"0\">N\u00c3O CONSIGO FINALIZAR A MINHA ENCOMENDA, O QUE POSSO FAZER?<\/a>\n\t\t\t\t\t<\/div>\n\t\t\t\t\t<div id=\"elementor-tab-content-3876\" class=\"elementor-tab-content elementor-clearfix\" data-tab=\"6\" role=\"region\" aria-labelledby=\"elementor-tab-title-3876\"><p>Se tiver alguma pergunta ou dificuldade durante o processo de compra, contacte o nosso servi\u00e7o de Apoio ao Cliente para ajud\u00e1-lo a finalizar a sua encomenda. Poder\u00e1 faz\u00ea-lo via e-mail para <a href=\"mailto:apoio.cliente@puraspecial.com\">apoio.cliente@puraspecial.com<\/a><\/p><\/div>\n\t\t\t\t<\/div>\n\t\t\t\t\t\t\t<div class=\"elementor-accordion-item\">\n\t\t\t\t\t<div id=\"elementor-tab-title-3877\" class=\"elementor-tab-title\" data-tab=\"7\" role=\"button\" aria-controls=\"elementor-tab-content-3877\" aria-expanded=\"false\">\n\t\t\t\t\t\t\t\t\t\t\t\t\t<span class=\"elementor-accordion-icon elementor-accordion-icon-left\" aria-hidden=\"true\">\n\t\t\t\t\t\t\t\t\t\t\t\t\t\t\t<span class=\"elementor-accordion-icon-closed\"><svg xmlns=\"http:\/\/www.w3.org\/2000\/svg\" width=\"1024\" height=\"1024\" viewBox=\"0 0 1024 1024\" class=\"lakit-font-icon-svg\" data-icon-name=\"arrows-1_minimal-right\" data-icon-type=\"dlicon\"><path d=\"M265.376 982.624c6.24 6.24 14.432 9.376 22.624 9.376s16.384-3.136 22.624-9.376l448-448c12.512-12.512 12.512-32.736 0-45.248l-448-448c-12.512-12.512-32.736-12.512-45.248 0s-12.512 32.736 0 45.248L690.752 512 265.376 937.376c-12.512 12.512-12.512 32.736 0 45.248z\" fill=\"currentColor\"\/><\/svg><\/span>\n\t\t\t\t\t\t\t\t<span class=\"elementor-accordion-icon-opened\"><i class=\"splicon icon-arrow-down\"><\/i><\/span>\n\t\t\t\t\t\t\t\t\t\t\t\t\t\t<\/span>\n\t\t\t\t\t\t\t\t\t\t\t\t<a class=\"elementor-accordion-title\" tabindex=\"0\">ENVIO DA ENCOMENDA<\/a>\n\t\t\t\t\t<\/div>\n\t\t\t\t\t<div id=\"elementor-tab-content-3877\" class=\"elementor-tab-content elementor-clearfix\" data-tab=\"7\" role=\"region\" aria-labelledby=\"elementor-tab-title-3877\"><p><b>ENVIO<\/b><\/p><p>Portugal Continental<\/p><p><b>M\u00c9TODOS DE ENVIO<\/b><\/p><p>Via Transportadora<\/p><p><a name=\"_Hlk93909201\"><\/a><b>PRAZOS DE ENTREGA<\/b><\/p><p>Portugal Continental<\/p><p>&#8211; Entrega entre as 9h00 e 19h00, nos dias \u00fateis. A sua encomenda ser\u00e1 entregue at\u00e9 3 dias \u00fateis a partir da data de confirma\u00e7\u00e3o do pagamento da mesma, salvo rutura de stock.<\/p><p><b>PROCEDIMENTO DE ENTREGA<\/b><\/p><p><span style=\"color: #000000;\">Receba a encomenda na morada que indicar no momento da compra.<br \/>Antes da entrega ser\u00e1 contactado pela transportadora.<\/span><\/p><\/div>\n\t\t\t\t<\/div>\n\t\t\t\t\t\t\t\t<\/div>\n\t\t\t\t\t\t<\/div>\n\t\t\t\t<\/div>\n\t\t\t\t\t<\/div>\n\t\t<\/div>\n\t\t\t\t\t<\/div>\n\t\t<\/section>\n\t\t\t\t<\/div>\n\t\t","protected":false},"excerpt":{"rendered":"<p>FAQ&#8217;S POSSO ENCOMENDAR SEM ME REGISTAR? Sim. Pode comprar e finalizar o seu pedido como convidado, bastando para isso inserir [&hellip;]<\/p>\n","protected":false},"author":1,"featured_media":0,"parent":0,"menu_order":0,"comment_status":"closed","ping_status":"closed","template":"","meta":{"footnotes":""},"class_list":["post-6734","page","type-page","status-publish","hentry"],"_links":{"self":[{"href":"https:\/\/puraspecial.com\/pt\/wp-json\/wp\/v2\/pages\/6734","targetHints":{"allow":["GET"]}}],"collection":[{"href":"https:\/\/puraspecial.com\/pt\/wp-json\/wp\/v2\/pages"}],"about":[{"href":"https:\/\/puraspecial.com\/pt\/wp-json\/wp\/v2\/types\/page"}],"author":[{"embeddable":true,"href":"https:\/\/puraspecial.com\/pt\/wp-json\/wp\/v2\/users\/1"}],"replies":[{"embeddable":true,"href":"https:\/\/puraspecial.com\/pt\/wp-json\/wp\/v2\/comments?post=6734"}],"version-history":[{"count":25,"href":"https:\/\/puraspecial.com\/pt\/wp-json\/wp\/v2\/pages\/6734\/revisions"}],"predecessor-version":[{"id":6847,"href":"https:\/\/puraspecial.com\/pt\/wp-json\/wp\/v2\/pages\/6734\/revisions\/6847"}],"wp:attachment":[{"href":"https:\/\/puraspecial.com\/pt\/wp-json\/wp\/v2\/media?parent=6734"}],"curies":[{"name":"wp","href":"https:\/\/api.w.org\/{rel}","templated":true}]}}