{"id":6070,"date":"2022-01-02T11:56:23","date_gmt":"2022-01-02T11:56:23","guid":{"rendered":"https:\/\/puraspecial.com\/?page_id=6070"},"modified":"2022-01-02T11:58:03","modified_gmt":"2022-01-02T11:58:03","slug":"formulario-de-pedido-de-contacto","status":"publish","type":"page","link":"https:\/\/puraspecial.com\/pt\/formulario-de-pedido-de-contacto\/","title":{"rendered":"FORMUL\u00c1RIO DE PEDIDO DE CONTACTO"},"content":{"rendered":"\t\t<div data-elementor-type=\"wp-page\" data-elementor-id=\"6070\" class=\"elementor elementor-6070\">\n\t\t\t\t\t\t<section class=\"elementor-section elementor-top-section elementor-element elementor-element-9a6712f elementor-section-boxed elementor-section-height-default elementor-section-height-default e-parent\" data-id=\"9a6712f\" data-element_type=\"section\" data-e-type=\"section\">\n\t\t\t\t\t\t<div class=\"elementor-container elementor-column-gap-default\">\n\t\t\t\t\t<div class=\"elementor-column elementor-col-100 elementor-top-column elementor-element elementor-element-c938040 lakit-col-width-auto-no\" data-id=\"c938040\" data-element_type=\"column\" data-e-type=\"column\">\n\t\t\t<div class=\"elementor-widget-wrap elementor-element-populated\">\n\t\t\t\t\t\t<div class=\"elementor-element elementor-element-ae11653 elementor-widget elementor-widget-heading\" data-id=\"ae11653\" data-element_type=\"widget\" data-e-type=\"widget\" data-widget_type=\"heading.default\">\n\t\t\t\t<div class=\"elementor-widget-container\">\n\t\t\t\t\t<h2 class=\"elementor-heading-title elementor-size-default\">AVISOS DE PRIVACIDADE<\/h2>\t\t\t\t<\/div>\n\t\t\t\t<\/div>\n\t\t\t\t\t<\/div>\n\t\t<\/div>\n\t\t\t\t\t<\/div>\n\t\t<\/section>\n\t\t\t\t<section class=\"elementor-section elementor-top-section elementor-element elementor-element-171cd5d6 elementor-section-boxed elementor-section-height-default elementor-section-height-default e-parent\" data-id=\"171cd5d6\" data-element_type=\"section\" data-e-type=\"section\">\n\t\t\t\t\t\t<div class=\"elementor-container elementor-column-gap-default\">\n\t\t\t\t\t<div class=\"elementor-column elementor-col-100 elementor-top-column elementor-element elementor-element-3d7b0080 lakit-col-width-auto-no\" data-id=\"3d7b0080\" data-element_type=\"column\" data-e-type=\"column\">\n\t\t\t<div class=\"elementor-widget-wrap elementor-element-populated\">\n\t\t\t\t\t\t<div class=\"elementor-element elementor-element-75ce0936 elementor-widget elementor-widget-text-editor\" data-id=\"75ce0936\" data-element_type=\"widget\" data-e-type=\"widget\" data-widget_type=\"text-editor.default\">\n\t\t\t\t<div class=\"elementor-widget-container\">\n\t\t\t\t\t\t\t\t\t<p><\/p>\n<table cellspacing=\"0\" cellpadding=\"0\">\n<tbody>\n<tr>\n<td valign=\"middle\">\n<p><b>FORMUL\u00c1RIO DE PEDIDO DE CONTACTO<\/b><\/p>\n<\/td>\n<\/tr>\n<tr>\n<td valign=\"middle\">\n<ul>\n<li>A AGRITORRES CCACR &#8211; CENTRO COMERCIAL E AGR\u00cdCOLA DO CANAL RETALHO UNIPESSOAL, LDA. (adiante,\u00a0<span style=\"font-size: 16px; font-style: normal; font-variant-caps: normal; font-family: Rubik; font-weight: bold; caret-color: #555555; color: #555555; text-align: justify;\">PURA<span style=\"font-size: 10pt;\"><span style=\"font-size: 10px; line-height: 0; position: relative; top: -0.5em;\">\u00ae<\/span><\/span>Special\u00a0<\/span>), com sede na Zona Industrial do Cadaval, Lote 21, 2550-171 Cadaval &#8211; Portugal e NIPC 509016723 \u00e9 a respons\u00e1vel pelo tratamento.<\/li>\n<li>Os dados pessoais recolhidos ser\u00e3o utilizados unicamente para responder ao seu pedido de contacto, apoio ao cliente e\/ou pedido de informa\u00e7\u00e3o, e manter o registo dos seus detalhes de contacto, ap\u00f3s obtermos o seu consentimento pr\u00e9vio.<\/li>\n<li>Os dados pessoais recolhidos s\u00e3o de preenchimento obrigat\u00f3rio para podermos responder ao seu pedido de contacto, pelo que sem estes dados n\u00e3o poderemos realizar o seu pedido ou dar resposta \u00e0 sua quest\u00e3o.\u00a0<\/li>\n<li>Os dados em quest\u00e3o n\u00e3o ser\u00e3o utilizados para nenhuma outra finalidade sem o seu consentimento pr\u00e9vio, sendo conservados pela\u00a0<span style=\"font-family: Rubik, sans-serif; font-size: 16px; font-style: normal; font-variant-caps: normal;\">apoio.clientes@puraspecial.com<\/span>\u00a0durante 1 ano.<\/li>\n<li>Relembramos que poder\u00e1 retirar o presente consentimento a qualquer momento.<\/li>\n<li>A\u00a0<span style=\"font-size: 16px; font-style: normal; font-variant-caps: normal; font-family: Rubik; font-weight: bold; caret-color: #555555; color: #555555; text-align: justify;\">PURA<span style=\"font-size: 10pt;\"><span style=\"font-size: 10px; line-height: 0; position: relative; top: -0.5em;\">\u00ae<\/span><\/span>Special\u00a0<\/span>\u00a0poder\u00e1 comunicar os dados pessoais ao(s) seu(s) prestador(es) de servi\u00e7os para cumprimento da finalidade descrita.<\/li>\n<li>Quando nos envia os seus dados pessoais, estes ser\u00e3o protegidos atrav\u00e9s de protocolos de seguran\u00e7a adequados \u00e0s comunica\u00e7\u00f5es via internet e ser\u00e3o conservados num servidor seguro e de acesso condicionado.<\/li>\n<li>Poder\u00e1 exercer os seus direitos previstos na legisla\u00e7\u00e3o (acesso, retifica\u00e7\u00e3o, apagamento, limita\u00e7\u00e3o, oposi\u00e7\u00e3o, portabilidade) atrav\u00e9s de contacto escrito para o seguinte email:\u00a0<span style=\"font-family: Rubik, sans-serif; font-size: 16px; font-style: normal; font-variant-caps: normal;\">apoio.clientes@puraspecial.com<\/span>, sem preju\u00edzo do direito a apresentar reclama\u00e7\u00e3o \u00e0 autoridade de controlo competente (www.cnpd.pt).<\/li>\n<li>Saiba mais sobre a forma como os seus dados ser\u00e3o tratados AQUI ou atrav\u00e9s do email\u00a0<span style=\"font-family: Rubik, sans-serif; font-size: 16px; font-style: normal; font-variant-caps: normal;\">apoio.clientes@puraspecial.com<\/span>.<\/li>\n<\/ul>\n<\/td>\n<\/tr>\n<tr>\n<td valign=\"middle\">\u00a0<\/td>\n<\/tr>\n<\/tbody>\n<\/table>\n<p>\u00a0<\/p>\n<p><\/p>\t\t\t\t\t\t\t\t<\/div>\n\t\t\t\t<\/div>\n\t\t\t\t\t<\/div>\n\t\t<\/div>\n\t\t\t\t\t<\/div>\n\t\t<\/section>\n\t\t\t\t<\/div>\n\t\t","protected":false},"excerpt":{"rendered":"<p>AVISOS DE PRIVACIDADE FORMUL\u00c1RIO DE PEDIDO DE CONTACTO A AGRITORRES CCACR &#8211; CENTRO COMERCIAL E AGR\u00cdCOLA DO CANAL RETALHO UNIPESSOAL, [&hellip;]<\/p>\n","protected":false},"author":1,"featured_media":0,"parent":0,"menu_order":0,"comment_status":"closed","ping_status":"closed","template":"","meta":{"footnotes":""},"class_list":["post-6070","page","type-page","status-publish","hentry"],"_links":{"self":[{"href":"https:\/\/puraspecial.com\/pt\/wp-json\/wp\/v2\/pages\/6070","targetHints":{"allow":["GET"]}}],"collection":[{"href":"https:\/\/puraspecial.com\/pt\/wp-json\/wp\/v2\/pages"}],"about":[{"href":"https:\/\/puraspecial.com\/pt\/wp-json\/wp\/v2\/types\/page"}],"author":[{"embeddable":true,"href":"https:\/\/puraspecial.com\/pt\/wp-json\/wp\/v2\/users\/1"}],"replies":[{"embeddable":true,"href":"https:\/\/puraspecial.com\/pt\/wp-json\/wp\/v2\/comments?post=6070"}],"version-history":[{"count":7,"href":"https:\/\/puraspecial.com\/pt\/wp-json\/wp\/v2\/pages\/6070\/revisions"}],"predecessor-version":[{"id":6077,"href":"https:\/\/puraspecial.com\/pt\/wp-json\/wp\/v2\/pages\/6070\/revisions\/6077"}],"wp:attachment":[{"href":"https:\/\/puraspecial.com\/pt\/wp-json\/wp\/v2\/media?parent=6070"}],"curies":[{"name":"wp","href":"https:\/\/api.w.org\/{rel}","templated":true}]}}